{"id":2996,"date":"2022-07-11T13:07:27","date_gmt":"2022-07-11T11:07:27","guid":{"rendered":"https:\/\/www.sewa.sk\/cennik"},"modified":"2026-04-17T14:19:52","modified_gmt":"2026-04-17T12:19:52","slug":"price-list","status":"publish","type":"page","link":"https:\/\/www.sewa.sk\/en\/price-list","title":{"rendered":"Price list"},"content":{"rendered":"","protected":false},"excerpt":{"rendered":"","protected":false},"author":1,"featured_media":0,"parent":0,"menu_order":0,"comment_status":"closed","ping_status":"closed","template":"templates\/pricelist.php","meta":{"inline_featured_image":false,"footnotes":""},"acf":[],"yoast_head":"<!-- This site is optimized with the Yoast SEO Premium plugin v20.13 (Yoast SEO v22.0) - https:\/\/yoast.com\/wordpress\/plugins\/seo\/ -->\n<title>Price list - sewa<\/title>\n<meta name=\"description\" content=\"-2803\" \/>\n<meta name=\"robots\" content=\"index, follow, max-snippet:-1, max-image-preview:large, max-video-preview:-1\" \/>\n<link rel=\"canonical\" href=\"https:\/\/www.sewa.sk\/en\/price-list\" \/>\n<meta property=\"og:locale\" content=\"en_US\" \/>\n<meta property=\"og:type\" content=\"article\" \/>\n<meta property=\"og:title\" content=\"Price list\" \/>\n<meta property=\"og:description\" content=\"-2803\" \/>\n<meta property=\"og:url\" content=\"https:\/\/www.sewa.sk\/en\/price-list\" \/>\n<meta property=\"og:site_name\" content=\"sewa\" \/>\n<meta property=\"article:modified_time\" content=\"2026-04-17T12:19:52+00:00\" \/>\n<meta name=\"twitter:card\" content=\"summary_large_image\" \/>\n<script type=\"application\/ld+json\" class=\"yoast-schema-graph\">{\"@context\":\"https:\/\/schema.org\",\"@graph\":[{\"@type\":\"WebPage\",\"@id\":\"https:\/\/www.sewa.sk\/en\/price-list\",\"url\":\"https:\/\/www.sewa.sk\/en\/price-list\",\"name\":\"Price list - sewa\",\"isPartOf\":{\"@id\":\"https:\/\/www.sewa.sk\/#website\"},\"datePublished\":\"2022-07-11T11:07:27+00:00\",\"dateModified\":\"2026-04-17T12:19:52+00:00\",\"description\":\"-2803\",\"breadcrumb\":{\"@id\":\"https:\/\/www.sewa.sk\/en\/price-list#breadcrumb\"},\"inLanguage\":\"en-US\",\"potentialAction\":[{\"@type\":\"ReadAction\",\"target\":[\"https:\/\/www.sewa.sk\/en\/price-list\"]}]},{\"@type\":\"BreadcrumbList\",\"@id\":\"https:\/\/www.sewa.sk\/en\/price-list#breadcrumb\",\"itemListElement\":[{\"@type\":\"ListItem\",\"position\":1,\"name\":\"Home\",\"item\":\"https:\/\/www.sewa.sk\/en\"},{\"@type\":\"ListItem\",\"position\":2,\"name\":\"Price list\"}]},{\"@type\":\"WebSite\",\"@id\":\"https:\/\/www.sewa.sk\/#website\",\"url\":\"https:\/\/www.sewa.sk\/\",\"name\":\"sewa\",\"description\":\"Len \u010fal\u0161ia WordPress str\u00e1nka\",\"potentialAction\":[{\"@type\":\"SearchAction\",\"target\":{\"@type\":\"EntryPoint\",\"urlTemplate\":\"https:\/\/www.sewa.sk\/?s={search_term_string}\"},\"query-input\":\"required name=search_term_string\"}],\"inLanguage\":\"en-US\"}]}<\/script>\n<!-- \/ Yoast SEO Premium plugin. -->","yoast_head_json":{"title":"Price list - sewa","description":"-2803","robots":{"index":"index","follow":"follow","max-snippet":"max-snippet:-1","max-image-preview":"max-image-preview:large","max-video-preview":"max-video-preview:-1"},"canonical":"https:\/\/www.sewa.sk\/en\/price-list","og_locale":"en_US","og_type":"article","og_title":"Price list","og_description":"-2803","og_url":"https:\/\/www.sewa.sk\/en\/price-list","og_site_name":"sewa","article_modified_time":"2026-04-17T12:19:52+00:00","twitter_card":"summary_large_image","schema":{"@context":"https:\/\/schema.org","@graph":[{"@type":"WebPage","@id":"https:\/\/www.sewa.sk\/en\/price-list","url":"https:\/\/www.sewa.sk\/en\/price-list","name":"Price list - sewa","isPartOf":{"@id":"https:\/\/www.sewa.sk\/#website"},"datePublished":"2022-07-11T11:07:27+00:00","dateModified":"2026-04-17T12:19:52+00:00","description":"-2803","breadcrumb":{"@id":"https:\/\/www.sewa.sk\/en\/price-list#breadcrumb"},"inLanguage":"en-US","potentialAction":[{"@type":"ReadAction","target":["https:\/\/www.sewa.sk\/en\/price-list"]}]},{"@type":"BreadcrumbList","@id":"https:\/\/www.sewa.sk\/en\/price-list#breadcrumb","itemListElement":[{"@type":"ListItem","position":1,"name":"Home","item":"https:\/\/www.sewa.sk\/en"},{"@type":"ListItem","position":2,"name":"Price list"}]},{"@type":"WebSite","@id":"https:\/\/www.sewa.sk\/#website","url":"https:\/\/www.sewa.sk\/","name":"sewa","description":"Len \u010fal\u0161ia WordPress str\u00e1nka","potentialAction":[{"@type":"SearchAction","target":{"@type":"EntryPoint","urlTemplate":"https:\/\/www.sewa.sk\/?s={search_term_string}"},"query-input":"required name=search_term_string"}],"inLanguage":"en-US"}]}},"_links":{"self":[{"href":"https:\/\/www.sewa.sk\/en\/wp-json\/wp\/v2\/pages\/2996"}],"collection":[{"href":"https:\/\/www.sewa.sk\/en\/wp-json\/wp\/v2\/pages"}],"about":[{"href":"https:\/\/www.sewa.sk\/en\/wp-json\/wp\/v2\/types\/page"}],"author":[{"embeddable":true,"href":"https:\/\/www.sewa.sk\/en\/wp-json\/wp\/v2\/users\/1"}],"replies":[{"embeddable":true,"href":"https:\/\/www.sewa.sk\/en\/wp-json\/wp\/v2\/comments?post=2996"}],"version-history":[{"count":27,"href":"https:\/\/www.sewa.sk\/en\/wp-json\/wp\/v2\/pages\/2996\/revisions"}],"predecessor-version":[{"id":9724,"href":"https:\/\/www.sewa.sk\/en\/wp-json\/wp\/v2\/pages\/2996\/revisions\/9724"}],"wp:attachment":[{"href":"https:\/\/www.sewa.sk\/en\/wp-json\/wp\/v2\/media?parent=2996"}],"curies":[{"name":"wp","href":"https:\/\/api.w.org\/{rel}","templated":true}]}}