{"id":3028,"date":"2022-07-11T23:18:56","date_gmt":"2022-07-11T21:18:56","guid":{"rendered":"https:\/\/www.sewa.sk\/vsetko-o-recyklacii\/triedenie"},"modified":"2025-04-03T14:59:36","modified_gmt":"2025-04-03T12:59:36","slug":"sorting","status":"publish","type":"page","link":"https:\/\/www.sewa.sk\/en\/all-about-recycling\/sorting","title":{"rendered":"Sorting"},"content":{"rendered":"","protected":false},"excerpt":{"rendered":"","protected":false},"author":1,"featured_media":0,"parent":3019,"menu_order":0,"comment_status":"closed","ping_status":"closed","template":"templates\/recycling.php","meta":{"inline_featured_image":false,"footnotes":""},"acf":[],"yoast_head":"<!-- This site is optimized with the Yoast SEO Premium plugin v20.13 (Yoast SEO v22.0) - https:\/\/yoast.com\/wordpress\/plugins\/seo\/ -->\n<title>Sorting - sewa<\/title>\n<meta name=\"robots\" content=\"index, follow, max-snippet:-1, max-image-preview:large, max-video-preview:-1\" \/>\n<link rel=\"canonical\" href=\"https:\/\/www.sewa.sk\/en\/all-about-recycling\/sorting\" \/>\n<meta property=\"og:locale\" content=\"en_US\" \/>\n<meta property=\"og:type\" content=\"article\" \/>\n<meta property=\"og:title\" content=\"Sorting\" \/>\n<meta property=\"og:url\" content=\"https:\/\/www.sewa.sk\/en\/all-about-recycling\/sorting\" \/>\n<meta property=\"og:site_name\" content=\"sewa\" \/>\n<meta property=\"article:modified_time\" content=\"2025-04-03T12:59:36+00:00\" \/>\n<meta name=\"twitter:card\" content=\"summary_large_image\" \/>\n<script type=\"application\/ld+json\" class=\"yoast-schema-graph\">{\"@context\":\"https:\/\/schema.org\",\"@graph\":[{\"@type\":\"WebPage\",\"@id\":\"https:\/\/www.sewa.sk\/en\/all-about-recycling\/sorting\",\"url\":\"https:\/\/www.sewa.sk\/en\/all-about-recycling\/sorting\",\"name\":\"Sorting - sewa\",\"isPartOf\":{\"@id\":\"https:\/\/www.sewa.sk\/#website\"},\"datePublished\":\"2022-07-11T21:18:56+00:00\",\"dateModified\":\"2025-04-03T12:59:36+00:00\",\"breadcrumb\":{\"@id\":\"https:\/\/www.sewa.sk\/en\/all-about-recycling\/sorting#breadcrumb\"},\"inLanguage\":\"en-US\",\"potentialAction\":[{\"@type\":\"ReadAction\",\"target\":[\"https:\/\/www.sewa.sk\/en\/all-about-recycling\/sorting\"]}]},{\"@type\":\"BreadcrumbList\",\"@id\":\"https:\/\/www.sewa.sk\/en\/all-about-recycling\/sorting#breadcrumb\",\"itemListElement\":[{\"@type\":\"ListItem\",\"position\":1,\"name\":\"Home\",\"item\":\"https:\/\/www.sewa.sk\/en\"},{\"@type\":\"ListItem\",\"position\":2,\"name\":\"All about recycling\",\"item\":\"https:\/\/www.sewa.sk\/en\/all-about-recycling\"},{\"@type\":\"ListItem\",\"position\":3,\"name\":\"Sorting\"}]},{\"@type\":\"WebSite\",\"@id\":\"https:\/\/www.sewa.sk\/#website\",\"url\":\"https:\/\/www.sewa.sk\/\",\"name\":\"sewa\",\"description\":\"Len \u010fal\u0161ia WordPress str\u00e1nka\",\"potentialAction\":[{\"@type\":\"SearchAction\",\"target\":{\"@type\":\"EntryPoint\",\"urlTemplate\":\"https:\/\/www.sewa.sk\/?s={search_term_string}\"},\"query-input\":\"required name=search_term_string\"}],\"inLanguage\":\"en-US\"}]}<\/script>\n<!-- \/ Yoast SEO Premium plugin. -->","yoast_head_json":{"title":"Sorting - sewa","robots":{"index":"index","follow":"follow","max-snippet":"max-snippet:-1","max-image-preview":"max-image-preview:large","max-video-preview":"max-video-preview:-1"},"canonical":"https:\/\/www.sewa.sk\/en\/all-about-recycling\/sorting","og_locale":"en_US","og_type":"article","og_title":"Sorting","og_url":"https:\/\/www.sewa.sk\/en\/all-about-recycling\/sorting","og_site_name":"sewa","article_modified_time":"2025-04-03T12:59:36+00:00","twitter_card":"summary_large_image","schema":{"@context":"https:\/\/schema.org","@graph":[{"@type":"WebPage","@id":"https:\/\/www.sewa.sk\/en\/all-about-recycling\/sorting","url":"https:\/\/www.sewa.sk\/en\/all-about-recycling\/sorting","name":"Sorting - sewa","isPartOf":{"@id":"https:\/\/www.sewa.sk\/#website"},"datePublished":"2022-07-11T21:18:56+00:00","dateModified":"2025-04-03T12:59:36+00:00","breadcrumb":{"@id":"https:\/\/www.sewa.sk\/en\/all-about-recycling\/sorting#breadcrumb"},"inLanguage":"en-US","potentialAction":[{"@type":"ReadAction","target":["https:\/\/www.sewa.sk\/en\/all-about-recycling\/sorting"]}]},{"@type":"BreadcrumbList","@id":"https:\/\/www.sewa.sk\/en\/all-about-recycling\/sorting#breadcrumb","itemListElement":[{"@type":"ListItem","position":1,"name":"Home","item":"https:\/\/www.sewa.sk\/en"},{"@type":"ListItem","position":2,"name":"All about recycling","item":"https:\/\/www.sewa.sk\/en\/all-about-recycling"},{"@type":"ListItem","position":3,"name":"Sorting"}]},{"@type":"WebSite","@id":"https:\/\/www.sewa.sk\/#website","url":"https:\/\/www.sewa.sk\/","name":"sewa","description":"Len \u010fal\u0161ia WordPress str\u00e1nka","potentialAction":[{"@type":"SearchAction","target":{"@type":"EntryPoint","urlTemplate":"https:\/\/www.sewa.sk\/?s={search_term_string}"},"query-input":"required name=search_term_string"}],"inLanguage":"en-US"}]}},"_links":{"self":[{"href":"https:\/\/www.sewa.sk\/en\/wp-json\/wp\/v2\/pages\/3028"}],"collection":[{"href":"https:\/\/www.sewa.sk\/en\/wp-json\/wp\/v2\/pages"}],"about":[{"href":"https:\/\/www.sewa.sk\/en\/wp-json\/wp\/v2\/types\/page"}],"author":[{"embeddable":true,"href":"https:\/\/www.sewa.sk\/en\/wp-json\/wp\/v2\/users\/1"}],"replies":[{"embeddable":true,"href":"https:\/\/www.sewa.sk\/en\/wp-json\/wp\/v2\/comments?post=3028"}],"version-history":[{"count":7,"href":"https:\/\/www.sewa.sk\/en\/wp-json\/wp\/v2\/pages\/3028\/revisions"}],"predecessor-version":[{"id":9214,"href":"https:\/\/www.sewa.sk\/en\/wp-json\/wp\/v2\/pages\/3028\/revisions\/9214"}],"up":[{"embeddable":true,"href":"https:\/\/www.sewa.sk\/en\/wp-json\/wp\/v2\/pages\/3019"}],"wp:attachment":[{"href":"https:\/\/www.sewa.sk\/en\/wp-json\/wp\/v2\/media?parent=3028"}],"curies":[{"name":"wp","href":"https:\/\/api.w.org\/{rel}","templated":true}]}}