{"id":3041,"date":"2022-08-31T10:05:26","date_gmt":"2022-08-31T08:05:26","guid":{"rendered":"https:\/\/www.sewa.sk\/nova-kategorizacia-elektrozariadeni"},"modified":"2023-01-09T14:55:55","modified_gmt":"2023-01-09T13:55:55","slug":"new-categorization-of-electrical-equipment","status":"publish","type":"page","link":"https:\/\/www.sewa.sk\/en\/new-categorization-of-electrical-equipment","title":{"rendered":"New categorization of electrical equipment"},"content":{"rendered":"<p><strong>Help for manufacturers and importers<\/strong><\/p>\n<p>The new categorization of electrical equipment is the central topic of the new edition of <a href=\"https:\/\/www.sewa.sk\/wp-content\/uploads\/2022\/08\/SEWA_Spravodaj_2018_FINAL.pdf\">SEWA NEWSLETTER<\/a>, which aims to explain the current legislative changes in the obligations of manufacturers and importers. These are changes in <a href=\"https:\/\/www.slov-lex.sk\/pravne-predpisy\/SK\/ZZ\/2015\/79\/20170101\">Act No. 79\/2015 Coll. on waste<\/a> and related implementing regulations resulting from Directive 2012\/19\/EU of the European Parliament and of the Council on waste from electrical and electronic equipment. In practice, there are 2 significant changes:<\/p>\n<ol>\n<li><strong>Change in the definition of the scope of electrical equipment that falls under the Waste Act &#8211; the so-called &#8220;open range&#8221; &#8211; from 15 August 2018;<\/strong><\/li>\n<li><strong>Categorization of electrical equipment &#8211; from 01\/01\/2019;<\/strong><\/li>\n<\/ol>\n<p>The ambition of this material is to make it simple and understandable for a target group that is not professionally involved in waste management issues. We are based on valid legislation and known legislative intentions in the Slovak Republic, but also on materials explaining the European directive and, last but not least, on our many years of experience.<\/p>\n<p><strong>Aid for manufacturers of electrical equipment for the correct classification of EEE:<\/strong><\/p>\n<p><a href=\"https:\/\/www.sewa.sk\/wp-content\/uploads\/2022\/08\/SEWA_Spravodaj_2018_FINAL.pdf\">SEWA REPORTER<\/a><\/p>\n<p><a href=\"https:\/\/www.sewa.sk\/en\/cennik\">EEZ PRICE LIST (valid from January 1, 2021)<\/a><\/p>\n","protected":false},"excerpt":{"rendered":"<p>Help for manufacturers and importers The new categorization of electrical equipment is the central topic of the new edition of SEWA NEWSLETTER, which aims to explain the current legislative changes in the obligations of manufacturers and importers. These are changes in Act No. 79\/2015 Coll. on waste and related implementing regulations resulting from Directive 2012\/19\/EU [&hellip;]<\/p>\n","protected":false},"author":1,"featured_media":0,"parent":0,"menu_order":0,"comment_status":"closed","ping_status":"closed","template":"templates\/cookies.php","meta":{"inline_featured_image":false,"footnotes":""},"acf":[],"yoast_head":"<!-- This site is optimized with the Yoast SEO Premium plugin v20.13 (Yoast SEO v22.0) - https:\/\/yoast.com\/wordpress\/plugins\/seo\/ -->\n<title>New categorization of electrical equipment - sewa<\/title>\n<meta name=\"robots\" content=\"index, follow, max-snippet:-1, max-image-preview:large, max-video-preview:-1\" \/>\n<link rel=\"canonical\" href=\"https:\/\/www.sewa.sk\/en\/new-categorization-of-electrical-equipment\" \/>\n<meta property=\"og:locale\" content=\"en_US\" \/>\n<meta property=\"og:type\" content=\"article\" \/>\n<meta property=\"og:title\" content=\"New categorization of electrical equipment\" \/>\n<meta property=\"og:description\" content=\"Help for manufacturers and importers The new categorization of electrical equipment is the central topic of the new edition of SEWA NEWSLETTER, which aims to explain the current legislative changes in the obligations of manufacturers and importers. These are changes in Act No. 79\/2015 Coll. on waste and related implementing regulations resulting from Directive 2012\/19\/EU [&hellip;]\" \/>\n<meta property=\"og:url\" content=\"https:\/\/www.sewa.sk\/en\/new-categorization-of-electrical-equipment\" \/>\n<meta property=\"og:site_name\" content=\"sewa\" \/>\n<meta property=\"article:modified_time\" content=\"2023-01-09T13:55:55+00:00\" \/>\n<meta name=\"twitter:card\" content=\"summary_large_image\" \/>\n<meta name=\"twitter:label1\" content=\"Est. reading time\" \/>\n\t<meta name=\"twitter:data1\" content=\"2 minutes\" \/>\n<script type=\"application\/ld+json\" class=\"yoast-schema-graph\">{\"@context\":\"https:\/\/schema.org\",\"@graph\":[{\"@type\":\"WebPage\",\"@id\":\"https:\/\/www.sewa.sk\/en\/new-categorization-of-electrical-equipment\",\"url\":\"https:\/\/www.sewa.sk\/en\/new-categorization-of-electrical-equipment\",\"name\":\"New categorization of electrical equipment - sewa\",\"isPartOf\":{\"@id\":\"https:\/\/www.sewa.sk\/#website\"},\"datePublished\":\"2022-08-31T08:05:26+00:00\",\"dateModified\":\"2023-01-09T13:55:55+00:00\",\"breadcrumb\":{\"@id\":\"https:\/\/www.sewa.sk\/en\/new-categorization-of-electrical-equipment#breadcrumb\"},\"inLanguage\":\"en-US\",\"potentialAction\":[{\"@type\":\"ReadAction\",\"target\":[\"https:\/\/www.sewa.sk\/en\/new-categorization-of-electrical-equipment\"]}]},{\"@type\":\"BreadcrumbList\",\"@id\":\"https:\/\/www.sewa.sk\/en\/new-categorization-of-electrical-equipment#breadcrumb\",\"itemListElement\":[{\"@type\":\"ListItem\",\"position\":1,\"name\":\"Home\",\"item\":\"https:\/\/www.sewa.sk\/en\"},{\"@type\":\"ListItem\",\"position\":2,\"name\":\"New categorization of electrical equipment\"}]},{\"@type\":\"WebSite\",\"@id\":\"https:\/\/www.sewa.sk\/#website\",\"url\":\"https:\/\/www.sewa.sk\/\",\"name\":\"sewa\",\"description\":\"Len \u010fal\u0161ia WordPress str\u00e1nka\",\"potentialAction\":[{\"@type\":\"SearchAction\",\"target\":{\"@type\":\"EntryPoint\",\"urlTemplate\":\"https:\/\/www.sewa.sk\/?s={search_term_string}\"},\"query-input\":\"required name=search_term_string\"}],\"inLanguage\":\"en-US\"}]}<\/script>\n<!-- \/ Yoast SEO Premium plugin. -->","yoast_head_json":{"title":"New categorization of electrical equipment - sewa","robots":{"index":"index","follow":"follow","max-snippet":"max-snippet:-1","max-image-preview":"max-image-preview:large","max-video-preview":"max-video-preview:-1"},"canonical":"https:\/\/www.sewa.sk\/en\/new-categorization-of-electrical-equipment","og_locale":"en_US","og_type":"article","og_title":"New categorization of electrical equipment","og_description":"Help for manufacturers and importers The new categorization of electrical equipment is the central topic of the new edition of SEWA NEWSLETTER, which aims to explain the current legislative changes in the obligations of manufacturers and importers. These are changes in Act No. 79\/2015 Coll. on waste and related implementing regulations resulting from Directive 2012\/19\/EU [&hellip;]","og_url":"https:\/\/www.sewa.sk\/en\/new-categorization-of-electrical-equipment","og_site_name":"sewa","article_modified_time":"2023-01-09T13:55:55+00:00","twitter_card":"summary_large_image","twitter_misc":{"Est. reading time":"2 minutes"},"schema":{"@context":"https:\/\/schema.org","@graph":[{"@type":"WebPage","@id":"https:\/\/www.sewa.sk\/en\/new-categorization-of-electrical-equipment","url":"https:\/\/www.sewa.sk\/en\/new-categorization-of-electrical-equipment","name":"New categorization of electrical equipment - sewa","isPartOf":{"@id":"https:\/\/www.sewa.sk\/#website"},"datePublished":"2022-08-31T08:05:26+00:00","dateModified":"2023-01-09T13:55:55+00:00","breadcrumb":{"@id":"https:\/\/www.sewa.sk\/en\/new-categorization-of-electrical-equipment#breadcrumb"},"inLanguage":"en-US","potentialAction":[{"@type":"ReadAction","target":["https:\/\/www.sewa.sk\/en\/new-categorization-of-electrical-equipment"]}]},{"@type":"BreadcrumbList","@id":"https:\/\/www.sewa.sk\/en\/new-categorization-of-electrical-equipment#breadcrumb","itemListElement":[{"@type":"ListItem","position":1,"name":"Home","item":"https:\/\/www.sewa.sk\/en"},{"@type":"ListItem","position":2,"name":"New categorization of electrical equipment"}]},{"@type":"WebSite","@id":"https:\/\/www.sewa.sk\/#website","url":"https:\/\/www.sewa.sk\/","name":"sewa","description":"Len \u010fal\u0161ia WordPress str\u00e1nka","potentialAction":[{"@type":"SearchAction","target":{"@type":"EntryPoint","urlTemplate":"https:\/\/www.sewa.sk\/?s={search_term_string}"},"query-input":"required name=search_term_string"}],"inLanguage":"en-US"}]}},"_links":{"self":[{"href":"https:\/\/www.sewa.sk\/en\/wp-json\/wp\/v2\/pages\/3041"}],"collection":[{"href":"https:\/\/www.sewa.sk\/en\/wp-json\/wp\/v2\/pages"}],"about":[{"href":"https:\/\/www.sewa.sk\/en\/wp-json\/wp\/v2\/types\/page"}],"author":[{"embeddable":true,"href":"https:\/\/www.sewa.sk\/en\/wp-json\/wp\/v2\/users\/1"}],"replies":[{"embeddable":true,"href":"https:\/\/www.sewa.sk\/en\/wp-json\/wp\/v2\/comments?post=3041"}],"version-history":[{"count":1,"href":"https:\/\/www.sewa.sk\/en\/wp-json\/wp\/v2\/pages\/3041\/revisions"}],"predecessor-version":[{"id":6369,"href":"https:\/\/www.sewa.sk\/en\/wp-json\/wp\/v2\/pages\/3041\/revisions\/6369"}],"wp:attachment":[{"href":"https:\/\/www.sewa.sk\/en\/wp-json\/wp\/v2\/media?parent=3041"}],"curies":[{"name":"wp","href":"https:\/\/api.w.org\/{rel}","templated":true}]}}